{"id":157,"date":"2025-10-15T09:39:38","date_gmt":"2025-10-15T09:39:38","guid":{"rendered":"https:\/\/zealous-poincare.198-71-63-164.plesk.page\/?page_id=157"},"modified":"2025-10-15T12:32:39","modified_gmt":"2025-10-15T12:32:39","slug":"unternehmen","status":"publish","type":"page","link":"https:\/\/zealous-poincare.198-71-63-164.plesk.page\/fr\/unternehmen\/","title":{"rendered":"Unternehmen"},"content":{"rendered":"<div data-elementor-type=\"wp-page\" data-elementor-id=\"157\" class=\"elementor elementor-157\" data-elementor-post-type=\"page\">\n\t\t\t\t<div class=\"elementor-element elementor-element-09b807c e-flex e-con-boxed e-con e-parent\" data-id=\"09b807c\" data-element_type=\"container\" data-settings=\"{&quot;background_background&quot;:&quot;slideshow&quot;,&quot;background_slideshow_gallery&quot;:[{&quot;id&quot;:163,&quot;url&quot;:&quot;https:\\\/\\\/zealous-poincare.198-71-63-164.plesk.page\\\/wp-content\\\/uploads\\\/2025\\\/10\\\/imgi_7_Kabelkonfektion-ConCableAG-Produktion-987.webp&quot;},{&quot;id&quot;:172,&quot;url&quot;:&quot;https:\\\/\\\/zealous-poincare.198-71-63-164.plesk.page\\\/wp-content\\\/uploads\\\/2025\\\/10\\\/imgi_7_Kabelkonfektion-ConCableAG-Produktion-982.webp&quot;},{&quot;id&quot;:169,&quot;url&quot;:&quot;https:\\\/\\\/zealous-poincare.198-71-63-164.plesk.page\\\/wp-content\\\/uploads\\\/2025\\\/10\\\/imgi_7_Kabelkonfektion-ConCableAG-Produktion-983.webp&quot;},{&quot;id&quot;:171,&quot;url&quot;:&quot;https:\\\/\\\/zealous-poincare.198-71-63-164.plesk.page\\\/wp-content\\\/uploads\\\/2025\\\/10\\\/imgi_7_Kabelkonfektion-ConCableAG-Produktion-981.webp&quot;},{&quot;id&quot;:170,&quot;url&quot;:&quot;https:\\\/\\\/zealous-poincare.198-71-63-164.plesk.page\\\/wp-content\\\/uploads\\\/2025\\\/10\\\/imgi_7_Kabelkonfektion-ConCableAG-Produktion-985.webp&quot;},{&quot;id&quot;:188,&quot;url&quot;:&quot;https:\\\/\\\/zealous-poincare.198-71-63-164.plesk.page\\\/wp-content\\\/uploads\\\/2025\\\/10\\\/imgi_2_Kabelkonfektion-ConCableAG-Produktion-986.webp&quot;}],&quot;background_slideshow_loop&quot;:&quot;yes&quot;,&quot;background_slideshow_slide_duration&quot;:5000,&quot;background_slideshow_slide_transition&quot;:&quot;fade&quot;,&quot;background_slideshow_transition_duration&quot;:500}\">\n\t\t\t\t\t<div class=\"e-con-inner\">\n\t\t\t\t\t<\/div>\n\t\t\t\t<\/div>\n\t\t<div class=\"elementor-element elementor-element-c537b73 e-flex e-con-boxed e-con e-parent\" data-id=\"c537b73\" data-element_type=\"container\">\n\t\t\t\t\t<div class=\"e-con-inner\">\n\t\t<div class=\"elementor-element elementor-element-9fa6b73 e-con-full e-flex e-con e-child\" data-id=\"9fa6b73\" data-element_type=\"container\">\n\t\t\t\t<div class=\"elementor-element elementor-element-990d331 elementor-widget elementor-widget-heading\" data-id=\"990d331\" data-element_type=\"widget\" data-widget_type=\"heading.default\">\n\t\t\t\t\t<h2 class=\"elementor-heading-title elementor-size-default\">Stecker und Kabel nach Mass<\/h2>\t\t\t\t<\/div>\n\t\t\t\t<div class=\"elementor-element elementor-element-be4ce2a elementor-widget elementor-widget-text-editor\" data-id=\"be4ce2a\" data-element_type=\"widget\" data-widget_type=\"text-editor.default\">\n\t\t\t\t\t\t\t\t\t<p>Die Kabelkonfektion\u00a0ist die Spezialit\u00e4t der ConCable AG. Wir konfektionieren Kabel und Stecker nach Ihren Spezifikationen oder unterst\u00fctzen Sie bei der L\u00f6sungsfindung. Dank unseres hochmodernen Maschinenparks stellen wir\u00a0Unikate oder auch Grossauftr\u00e4ge her und zwar\u00a0vom Mikrobereich bis hin zum Starkstromsegment. Wir fertigen nach technischen Zeichnungen, Handskizzen, Muster oder arbeiten gemeinsam mit Ihnen die optimale L\u00f6sung aus.<\/p><p>Langj\u00e4hrige und erfahrene Mitarbeitende bilden den Kern von ConCable. Wir garantieren kompetente Beratung und eine schnelle Auftragsabwicklung. Dank unseres umfangreichen Lagers k\u00f6nnen wir zudem in Tagesfrist liefern und sind f\u00fcr jeden Notfall gewappnet. Wir arbeiten nach den Standards von ISO 9001 und legen h\u00f6chsten Wert auf Qualit\u00e4t.<\/p><p>Sie m\u00f6chten eine individuelle L\u00f6sung f\u00fcr Ihre Kabelkonfektion? Sie suchen einen verl\u00e4sslichen Partner, der Sie im Bereich Kabelkonfektion unterst\u00fctzt, ber\u00e4t und flexibel auf Ihre Anliegen eingeht?<\/p><p>Das Team von ConCable freut sich auf Ihre Anfrage. Wir garantieren hohe Qualit\u00e4t zu fairen Preisen. Bei uns finden Sie:<\/p>\t\t\t\t\t\t\t\t<\/div>\n\t\t\t\t<div class=\"elementor-element elementor-element-7eca028 elementor-icon-list--layout-traditional elementor-list-item-link-full_width elementor-widget elementor-widget-icon-list\" data-id=\"7eca028\" data-element_type=\"widget\" data-widget_type=\"icon-list.default\">\n\t\t\t\t\t\t\t<ul class=\"elementor-icon-list-items\">\n\t\t\t\t\t\t\t<li class=\"elementor-icon-list-item\">\n\t\t\t\t\t\t\t\t\t\t\t<span class=\"elementor-icon-list-icon\">\n\t\t\t\t\t\t\t<svg aria-hidden=\"true\" class=\"e-font-icon-svg e-fas-chevron-right\" viewbox=\"0 0 320 512\" xmlns=\"http:\/\/www.w3.org\/2000\/svg\"><path d=\"M285.476 272.971L91.132 467.314c-9.373 9.373-24.569 9.373-33.941 0l-22.667-22.667c-9.357-9.357-9.375-24.522-.04-33.901L188.505 256 34.484 101.255c-9.335-9.379-9.317-24.544.04-33.901l22.667-22.667c9.373-9.373 24.569-9.373 33.941 0L285.475 239.03c9.373 9.372 9.373 24.568.001 33.941z\"><\/path><\/svg>\t\t\t\t\t\t<\/span>\n\t\t\t\t\t\t\t\t\t\t<span class=\"elementor-icon-list-text\">Optimale L\u00f6sungen f\u00fcr die Kabelkonfektion.<\/span>\n\t\t\t\t\t\t\t\t\t<\/li>\n\t\t\t\t\t\t\t\t<li class=\"elementor-icon-list-item\">\n\t\t\t\t\t\t\t\t\t\t\t<span class=\"elementor-icon-list-icon\">\n\t\t\t\t\t\t\t<svg aria-hidden=\"true\" class=\"e-font-icon-svg e-fas-chevron-right\" viewbox=\"0 0 320 512\" xmlns=\"http:\/\/www.w3.org\/2000\/svg\"><path d=\"M285.476 272.971L91.132 467.314c-9.373 9.373-24.569 9.373-33.941 0l-22.667-22.667c-9.357-9.357-9.375-24.522-.04-33.901L188.505 256 34.484 101.255c-9.335-9.379-9.317-24.544.04-33.901l22.667-22.667c9.373-9.373 24.569-9.373 33.941 0L285.475 239.03c9.373 9.372 9.373 24.568.001 33.941z\"><\/path><\/svg>\t\t\t\t\t\t<\/span>\n\t\t\t\t\t\t\t\t\t\t<span class=\"elementor-icon-list-text\">Professionelle Massarbeit nach Kundenwunsch.<\/span>\n\t\t\t\t\t\t\t\t\t<\/li>\n\t\t\t\t\t\t\t\t<li class=\"elementor-icon-list-item\">\n\t\t\t\t\t\t\t\t\t\t\t<span class=\"elementor-icon-list-icon\">\n\t\t\t\t\t\t\t<svg aria-hidden=\"true\" class=\"e-font-icon-svg e-fas-chevron-right\" viewbox=\"0 0 320 512\" xmlns=\"http:\/\/www.w3.org\/2000\/svg\"><path d=\"M285.476 272.971L91.132 467.314c-9.373 9.373-24.569 9.373-33.941 0l-22.667-22.667c-9.357-9.357-9.375-24.522-.04-33.901L188.505 256 34.484 101.255c-9.335-9.379-9.317-24.544.04-33.901l22.667-22.667c9.373-9.373 24.569-9.373 33.941 0L285.475 239.03c9.373 9.372 9.373 24.568.001 33.941z\"><\/path><\/svg>\t\t\t\t\t\t<\/span>\n\t\t\t\t\t\t\t\t\t\t<span class=\"elementor-icon-list-text\">Breite Produktepalette vom Mikrobereich bis zu Starkstrom-Segment.<\/span>\n\t\t\t\t\t\t\t\t\t<\/li>\n\t\t\t\t\t\t\t\t<li class=\"elementor-icon-list-item\">\n\t\t\t\t\t\t\t\t\t\t\t<span class=\"elementor-icon-list-icon\">\n\t\t\t\t\t\t\t<svg aria-hidden=\"true\" class=\"e-font-icon-svg e-fas-chevron-right\" viewbox=\"0 0 320 512\" xmlns=\"http:\/\/www.w3.org\/2000\/svg\"><path d=\"M285.476 272.971L91.132 467.314c-9.373 9.373-24.569 9.373-33.941 0l-22.667-22.667c-9.357-9.357-9.375-24.522-.04-33.901L188.505 256 34.484 101.255c-9.335-9.379-9.317-24.544.04-33.901l22.667-22.667c9.373-9.373 24.569-9.373 33.941 0L285.475 239.03c9.373 9.372 9.373 24.568.001 33.941z\"><\/path><\/svg>\t\t\t\t\t\t<\/span>\n\t\t\t\t\t\t\t\t\t\t<span class=\"elementor-icon-list-text\">Grosses Lager f\u00fcr schnelle Ersatzteillieferung.<\/span>\n\t\t\t\t\t\t\t\t\t<\/li>\n\t\t\t\t\t\t\t\t<li class=\"elementor-icon-list-item\">\n\t\t\t\t\t\t\t\t\t\t\t<span class=\"elementor-icon-list-icon\">\n\t\t\t\t\t\t\t<svg aria-hidden=\"true\" class=\"e-font-icon-svg e-fas-chevron-right\" viewbox=\"0 0 320 512\" xmlns=\"http:\/\/www.w3.org\/2000\/svg\"><path d=\"M285.476 272.971L91.132 467.314c-9.373 9.373-24.569 9.373-33.941 0l-22.667-22.667c-9.357-9.357-9.375-24.522-.04-33.901L188.505 256 34.484 101.255c-9.335-9.379-9.317-24.544.04-33.901l22.667-22.667c9.373-9.373 24.569-9.373 33.941 0L285.475 239.03c9.373 9.372 9.373 24.568.001 33.941z\"><\/path><\/svg>\t\t\t\t\t\t<\/span>\n\t\t\t\t\t\t\t\t\t\t<span class=\"elementor-icon-list-text\">Ein einzigartiges Netzwerk zu High-End-Herstellern.<\/span>\n\t\t\t\t\t\t\t\t\t<\/li>\n\t\t\t\t\t\t\t\t<li class=\"elementor-icon-list-item\">\n\t\t\t\t\t\t\t\t\t\t\t<span class=\"elementor-icon-list-icon\">\n\t\t\t\t\t\t\t<svg aria-hidden=\"true\" class=\"e-font-icon-svg e-fas-chevron-right\" viewbox=\"0 0 320 512\" xmlns=\"http:\/\/www.w3.org\/2000\/svg\"><path d=\"M285.476 272.971L91.132 467.314c-9.373 9.373-24.569 9.373-33.941 0l-22.667-22.667c-9.357-9.357-9.375-24.522-.04-33.901L188.505 256 34.484 101.255c-9.335-9.379-9.317-24.544.04-33.901l22.667-22.667c9.373-9.373 24.569-9.373 33.941 0L285.475 239.03c9.373 9.372 9.373 24.568.001 33.941z\"><\/path><\/svg>\t\t\t\t\t\t<\/span>\n\t\t\t\t\t\t\t\t\t\t<span class=\"elementor-icon-list-text\">Neuste 3D-Technologie.<\/span>\n\t\t\t\t\t\t\t\t\t<\/li>\n\t\t\t\t\t\t\t\t<li class=\"elementor-icon-list-item\">\n\t\t\t\t\t\t\t\t\t\t\t<span class=\"elementor-icon-list-icon\">\n\t\t\t\t\t\t\t<svg aria-hidden=\"true\" class=\"e-font-icon-svg e-fas-chevron-right\" viewbox=\"0 0 320 512\" xmlns=\"http:\/\/www.w3.org\/2000\/svg\"><path d=\"M285.476 272.971L91.132 467.314c-9.373 9.373-24.569 9.373-33.941 0l-22.667-22.667c-9.357-9.357-9.375-24.522-.04-33.901L188.505 256 34.484 101.255c-9.335-9.379-9.317-24.544.04-33.901l22.667-22.667c9.373-9.373 24.569-9.373 33.941 0L285.475 239.03c9.373 9.372 9.373 24.568.001 33.941z\"><\/path><\/svg>\t\t\t\t\t\t<\/span>\n\t\t\t\t\t\t\t\t\t\t<span class=\"elementor-icon-list-text\">Engagierter Kundenservice.<\/span>\n\t\t\t\t\t\t\t\t\t<\/li>\n\t\t\t\t\t\t<\/ul>\n\t\t\t\t\t\t<\/div>\n\t\t\t\t<div class=\"elementor-element elementor-element-331ae96 elementor-widget elementor-widget-text-editor\" data-id=\"331ae96\" data-element_type=\"widget\" data-widget_type=\"text-editor.default\">\n\t\t\t\t\t\t\t\t\t<p>Einige Eindr\u00fccke unserer Produktion.<\/p>\t\t\t\t\t\t\t\t<\/div>\n\t\t\t\t<div class=\"elementor-element elementor-element-58bceb1 elementor-widget elementor-widget-image\" data-id=\"58bceb1\" data-element_type=\"widget\" data-widget_type=\"image.default\">\n\t\t\t\t\t\t\t\t\t\t\t\t\t\t\t<img fetchpriority=\"high\" decoding=\"async\" width=\"750\" height=\"500\" src=\"https:\/\/zealous-poincare.198-71-63-164.plesk.page\/wp-content\/uploads\/2025\/10\/imgi_2_Kabelkonfektion-ConCableAG-Produktion-39.webp\" class=\"attachment-large size-large wp-image-159\" alt=\"\" srcset=\"https:\/\/zealous-poincare.198-71-63-164.plesk.page\/wp-content\/uploads\/2025\/10\/imgi_2_Kabelkonfektion-ConCableAG-Produktion-39.webp 750w, https:\/\/zealous-poincare.198-71-63-164.plesk.page\/wp-content\/uploads\/2025\/10\/imgi_2_Kabelkonfektion-ConCableAG-Produktion-39-300x200.webp 300w\" sizes=\"(max-width: 750px) 100vw, 750px\" \/>\t\t\t\t\t\t\t\t\t\t\t\t\t\t\t<\/div>\n\t\t\t\t<div class=\"elementor-element elementor-element-35ab4e1 elementor-widget elementor-widget-image\" data-id=\"35ab4e1\" data-element_type=\"widget\" data-widget_type=\"image.default\">\n\t\t\t\t\t\t\t\t\t\t\t\t\t\t\t<img decoding=\"async\" width=\"750\" height=\"500\" src=\"https:\/\/zealous-poincare.198-71-63-164.plesk.page\/wp-content\/uploads\/2025\/10\/imgi_3_Kabelkonfektion-ConCableAG-Produktion-01.webp\" class=\"attachment-large size-large wp-image-158\" alt=\"\" srcset=\"https:\/\/zealous-poincare.198-71-63-164.plesk.page\/wp-content\/uploads\/2025\/10\/imgi_3_Kabelkonfektion-ConCableAG-Produktion-01.webp 750w, https:\/\/zealous-poincare.198-71-63-164.plesk.page\/wp-content\/uploads\/2025\/10\/imgi_3_Kabelkonfektion-ConCableAG-Produktion-01-300x200.webp 300w\" sizes=\"(max-width: 750px) 100vw, 750px\" \/>\t\t\t\t\t\t\t\t\t\t\t\t\t\t\t<\/div>\n\t\t\t\t<div class=\"elementor-element elementor-element-264808d elementor-widget elementor-widget-image\" data-id=\"264808d\" data-element_type=\"widget\" data-widget_type=\"image.default\">\n\t\t\t\t\t\t\t\t\t\t\t\t\t\t\t<img decoding=\"async\" width=\"750\" height=\"500\" src=\"https:\/\/zealous-poincare.198-71-63-164.plesk.page\/wp-content\/uploads\/2025\/10\/imgi_4_Kabelkonfektion-ConCableAG-Produktion-02.webp\" class=\"attachment-large size-large wp-image-160\" alt=\"\" srcset=\"https:\/\/zealous-poincare.198-71-63-164.plesk.page\/wp-content\/uploads\/2025\/10\/imgi_4_Kabelkonfektion-ConCableAG-Produktion-02.webp 750w, https:\/\/zealous-poincare.198-71-63-164.plesk.page\/wp-content\/uploads\/2025\/10\/imgi_4_Kabelkonfektion-ConCableAG-Produktion-02-300x200.webp 300w\" sizes=\"(max-width: 750px) 100vw, 750px\" \/>\t\t\t\t\t\t\t\t\t\t\t\t\t\t\t<\/div>\n\t\t\t\t<div class=\"elementor-element elementor-element-25edb0d elementor-widget elementor-widget-image\" data-id=\"25edb0d\" data-element_type=\"widget\" data-widget_type=\"image.default\">\n\t\t\t\t\t\t\t\t\t\t\t\t\t\t\t<img loading=\"lazy\" decoding=\"async\" width=\"750\" height=\"500\" src=\"https:\/\/zealous-poincare.198-71-63-164.plesk.page\/wp-content\/uploads\/2025\/10\/imgi_5_Kabelkonfektion-ConCableAG-Produktion-06.webp\" class=\"attachment-large size-large wp-image-162\" alt=\"\" srcset=\"https:\/\/zealous-poincare.198-71-63-164.plesk.page\/wp-content\/uploads\/2025\/10\/imgi_5_Kabelkonfektion-ConCableAG-Produktion-06.webp 750w, https:\/\/zealous-poincare.198-71-63-164.plesk.page\/wp-content\/uploads\/2025\/10\/imgi_5_Kabelkonfektion-ConCableAG-Produktion-06-300x200.webp 300w\" sizes=\"(max-width: 750px) 100vw, 750px\" \/>\t\t\t\t\t\t\t\t\t\t\t\t\t\t\t<\/div>\n\t\t\t\t<div class=\"elementor-element elementor-element-ca8e133 elementor-widget elementor-widget-image\" data-id=\"ca8e133\" data-element_type=\"widget\" data-widget_type=\"image.default\">\n\t\t\t\t\t\t\t\t\t\t\t\t\t\t\t<img loading=\"lazy\" decoding=\"async\" width=\"750\" height=\"500\" src=\"https:\/\/zealous-poincare.198-71-63-164.plesk.page\/wp-content\/uploads\/2025\/10\/imgi_6_Kabelkonfektion-ConCableAG-Produktion-03.webp\" class=\"attachment-large size-large wp-image-161\" alt=\"\" srcset=\"https:\/\/zealous-poincare.198-71-63-164.plesk.page\/wp-content\/uploads\/2025\/10\/imgi_6_Kabelkonfektion-ConCableAG-Produktion-03.webp 750w, https:\/\/zealous-poincare.198-71-63-164.plesk.page\/wp-content\/uploads\/2025\/10\/imgi_6_Kabelkonfektion-ConCableAG-Produktion-03-300x200.webp 300w\" sizes=\"(max-width: 750px) 100vw, 750px\" \/>\t\t\t\t\t\t\t\t\t\t\t\t\t\t\t<\/div>\n\t\t\t\t<\/div>\n\t\t<div class=\"elementor-element elementor-element-5893940 e-con-full e-flex e-con e-child\" data-id=\"5893940\" data-element_type=\"container\">\n\t\t<a class=\"elementor-element elementor-element-25d106c e-con-full e-flex e-con e-child\" data-id=\"25d106c\" data-element_type=\"container\" data-settings=\"{&quot;background_background&quot;:&quot;classic&quot;}\" href=\"https:\/\/zealous-poincare.198-71-63-164.plesk.page\/fr\/kontakt\/\">\n\t\t\t\t<div class=\"elementor-element elementor-element-93d501b elementor-view-default elementor-widget elementor-widget-icon\" data-id=\"93d501b\" data-element_type=\"widget\" data-widget_type=\"icon.default\">\n\t\t\t\t\t\t\t<div class=\"elementor-icon-wrapper\">\n\t\t\t<a class=\"elementor-icon\" href=\"https:\/\/zealous-poincare.198-71-63-164.plesk.page\/fr\/kontakt\/\">\n\t\t\t<svg aria-hidden=\"true\" class=\"e-font-icon-svg e-fas-laptop\" viewbox=\"0 0 640 512\" xmlns=\"http:\/\/www.w3.org\/2000\/svg\"><path d=\"M624 416H381.54c-.74 19.81-14.71 32-32.74 32H288c-18.69 0-33.02-17.47-32.77-32H16c-8.8 0-16 7.2-16 16v16c0 35.2 28.8 64 64 64h512c35.2 0 64-28.8 64-64v-16c0-8.8-7.2-16-16-16zM576 48c0-26.4-21.6-48-48-48H112C85.6 0 64 21.6 64 48v336h512V48zm-64 272H128V64h384v256z\"><\/path><\/svg>\t\t\t<\/a>\n\t\t<\/div>\n\t\t\t\t\t\t<\/div>\n\t\t\t\t<div class=\"elementor-element elementor-element-5a1467d elementor-widget elementor-widget-heading\" data-id=\"5a1467d\" data-element_type=\"widget\" data-widget_type=\"heading.default\">\n\t\t\t\t\t<h2 class=\"elementor-heading-title elementor-size-default\"><a href=\"https:\/\/zealous-poincare.198-71-63-164.plesk.page\/fr\/kontakt\/\">Kontakt<\/a><\/h2>\t\t\t\t<\/div>\n\t\t\t\t<div class=\"elementor-element elementor-element-9d09f6a elementor-widget elementor-widget-text-editor\" data-id=\"9d09f6a\" data-element_type=\"widget\" data-widget_type=\"text-editor.default\">\n\t\t\t\t\t\t\t\t\t<p>M\u00f6chten Sie eine konkrete L\u00f6sung f\u00fcr Ihr Anliegen? Gerne diskutieren wir zusammen die M\u00f6glichkeiten und machen Ihnen ein individuelles Angebot.<\/p>\t\t\t\t\t\t\t\t<\/div>\n\t\t\t\t<div class=\"elementor-element elementor-element-1bd9f5b elementor-align-center elementor-widget elementor-widget-button\" data-id=\"1bd9f5b\" data-element_type=\"widget\" data-widget_type=\"button.default\">\n\t\t\t\t\t\t\t\t\t\t<a class=\"elementor-button elementor-button-link elementor-size-sm\" href=\"https:\/\/zealous-poincare.198-71-63-164.plesk.page\/fr\/kontakt\/\">\n\t\t\t\t\t\t<span class=\"elementor-button-content-wrapper\">\n\t\t\t\t\t\t<span class=\"elementor-button-icon\">\n\t\t\t\t<svg aria-hidden=\"true\" class=\"e-font-icon-svg e-fas-chevron-right\" viewbox=\"0 0 320 512\" xmlns=\"http:\/\/www.w3.org\/2000\/svg\"><path d=\"M285.476 272.971L91.132 467.314c-9.373 9.373-24.569 9.373-33.941 0l-22.667-22.667c-9.357-9.357-9.375-24.522-.04-33.901L188.505 256 34.484 101.255c-9.335-9.379-9.317-24.544.04-33.901l22.667-22.667c9.373-9.373 24.569-9.373 33.941 0L285.475 239.03c9.373 9.372 9.373 24.568.001 33.941z\"><\/path><\/svg>\t\t\t<\/span>\n\t\t\t\t\t\t\t\t\t<span class=\"elementor-button-text\">Kontakt aufnehmen<\/span>\n\t\t\t\t\t<\/span>\n\t\t\t\t\t<\/a>\n\t\t\t\t\t\t\t\t<\/div>\n\t\t\t\t<\/a>\n\t\t\t\t<\/div>\n\t\t\t\t\t<\/div>\n\t\t\t\t<\/div>\n\t\t\t\t<\/div>","protected":false},"excerpt":{"rendered":"<p>Stecker und Kabel nach Mass Die Kabelkonfektion\u00a0ist die Spezialit\u00e4t der ConCable AG. Wir konfektionieren Kabel und Stecker nach Ihren Spezifikationen oder unterst\u00fctzen Sie bei der L\u00f6sungsfindung. Dank unseres hochmodernen Maschinenparks stellen wir\u00a0Unikate oder auch Grossauftr\u00e4ge her und zwar\u00a0vom Mikrobereich bis hin zum Starkstromsegment. Wir fertigen nach technischen Zeichnungen, Handskizzen, Muster oder arbeiten gemeinsam mit Ihnen [&hellip;]<\/p>","protected":false},"author":1,"featured_media":0,"parent":0,"menu_order":0,"comment_status":"closed","ping_status":"closed","template":"elementor_header_footer","meta":{"footnotes":""},"class_list":["post-157","page","type-page","status-publish","hentry"],"_links":{"self":[{"href":"https:\/\/zealous-poincare.198-71-63-164.plesk.page\/fr\/wp-json\/wp\/v2\/pages\/157","targetHints":{"allow":["GET"]}}],"collection":[{"href":"https:\/\/zealous-poincare.198-71-63-164.plesk.page\/fr\/wp-json\/wp\/v2\/pages"}],"about":[{"href":"https:\/\/zealous-poincare.198-71-63-164.plesk.page\/fr\/wp-json\/wp\/v2\/types\/page"}],"author":[{"embeddable":true,"href":"https:\/\/zealous-poincare.198-71-63-164.plesk.page\/fr\/wp-json\/wp\/v2\/users\/1"}],"replies":[{"embeddable":true,"href":"https:\/\/zealous-poincare.198-71-63-164.plesk.page\/fr\/wp-json\/wp\/v2\/comments?post=157"}],"version-history":[{"count":33,"href":"https:\/\/zealous-poincare.198-71-63-164.plesk.page\/fr\/wp-json\/wp\/v2\/pages\/157\/revisions"}],"predecessor-version":[{"id":264,"href":"https:\/\/zealous-poincare.198-71-63-164.plesk.page\/fr\/wp-json\/wp\/v2\/pages\/157\/revisions\/264"}],"wp:attachment":[{"href":"https:\/\/zealous-poincare.198-71-63-164.plesk.page\/fr\/wp-json\/wp\/v2\/media?parent=157"}],"curies":[{"name":"wp","href":"https:\/\/api.w.org\/{rel}","templated":true}]}}