{"id":224,"date":"2025-10-15T10:31:16","date_gmt":"2025-10-15T10:31:16","guid":{"rendered":"https:\/\/zealous-poincare.198-71-63-164.plesk.page\/?page_id=224"},"modified":"2025-10-15T10:33:05","modified_gmt":"2025-10-15T10:33:05","slug":"datenschutzerklarung","status":"publish","type":"page","link":"https:\/\/zealous-poincare.198-71-63-164.plesk.page\/fr\/datenschutzerklarung\/","title":{"rendered":"Datenschutzerkl\u00e4rung"},"content":{"rendered":"<div data-elementor-type=\"wp-page\" data-elementor-id=\"224\" class=\"elementor elementor-224\" data-elementor-post-type=\"page\">\n\t\t\t\t<div class=\"elementor-element elementor-element-09b807c e-flex e-con-boxed e-con e-parent\" data-id=\"09b807c\" data-element_type=\"container\" data-settings=\"{&quot;background_background&quot;:&quot;slideshow&quot;,&quot;background_slideshow_gallery&quot;:[{&quot;id&quot;:188,&quot;url&quot;:&quot;https:\\\/\\\/zealous-poincare.198-71-63-164.plesk.page\\\/wp-content\\\/uploads\\\/2025\\\/10\\\/imgi_2_Kabelkonfektion-ConCableAG-Produktion-986.webp&quot;},{&quot;id&quot;:170,&quot;url&quot;:&quot;https:\\\/\\\/zealous-poincare.198-71-63-164.plesk.page\\\/wp-content\\\/uploads\\\/2025\\\/10\\\/imgi_7_Kabelkonfektion-ConCableAG-Produktion-985.webp&quot;},{&quot;id&quot;:163,&quot;url&quot;:&quot;https:\\\/\\\/zealous-poincare.198-71-63-164.plesk.page\\\/wp-content\\\/uploads\\\/2025\\\/10\\\/imgi_7_Kabelkonfektion-ConCableAG-Produktion-987.webp&quot;},{&quot;id&quot;:169,&quot;url&quot;:&quot;https:\\\/\\\/zealous-poincare.198-71-63-164.plesk.page\\\/wp-content\\\/uploads\\\/2025\\\/10\\\/imgi_7_Kabelkonfektion-ConCableAG-Produktion-983.webp&quot;},{&quot;id&quot;:171,&quot;url&quot;:&quot;https:\\\/\\\/zealous-poincare.198-71-63-164.plesk.page\\\/wp-content\\\/uploads\\\/2025\\\/10\\\/imgi_7_Kabelkonfektion-ConCableAG-Produktion-981.webp&quot;},{&quot;id&quot;:172,&quot;url&quot;:&quot;https:\\\/\\\/zealous-poincare.198-71-63-164.plesk.page\\\/wp-content\\\/uploads\\\/2025\\\/10\\\/imgi_7_Kabelkonfektion-ConCableAG-Produktion-982.webp&quot;}],&quot;background_slideshow_loop&quot;:&quot;yes&quot;,&quot;background_slideshow_slide_duration&quot;:5000,&quot;background_slideshow_slide_transition&quot;:&quot;fade&quot;,&quot;background_slideshow_transition_duration&quot;:500}\">\n\t\t\t\t\t<div class=\"e-con-inner\">\n\t\t\t\t\t<\/div>\n\t\t\t\t<\/div>\n\t\t<div class=\"elementor-element elementor-element-9e46f07 e-flex e-con-boxed e-con e-parent\" data-id=\"9e46f07\" data-element_type=\"container\">\n\t\t\t\t\t<div class=\"e-con-inner\">\n\t\t<div class=\"elementor-element elementor-element-3ab58d4 e-con-full e-flex e-con e-child\" data-id=\"3ab58d4\" data-element_type=\"container\">\n\t\t\t\t<div class=\"elementor-element elementor-element-735c67a elementor-widget elementor-widget-heading\" data-id=\"735c67a\" data-element_type=\"widget\" data-widget_type=\"heading.default\">\n\t\t\t\t\t<h2 class=\"elementor-heading-title elementor-size-default\">Datenschutzerkl\u00e4rung ConCable AG<\/h2>\t\t\t\t<\/div>\n\t\t\t\t<div class=\"elementor-element elementor-element-bc50e32 elementor-widget elementor-widget-text-editor\" data-id=\"bc50e32\" data-element_type=\"widget\" data-widget_type=\"text-editor.default\">\n\t\t\t\t\t\t\t\t\t<p>Vorliegende Datenschutzerkl\u00e4rung gibt Auskunft \u00fcber die Erhebung und Verwendung personenbezogener Daten auf der Webseite der ConCable AG\u00a0\u00ab\u00bb (nachfolgend \u00abWebseite\u00bb). Die ConCable AG ist verantwortlich f\u00fcr s\u00e4mtliche personenbezogenen Daten, die auf der Webseite erhoben werden. Vorbehalten bleiben abweichende Angaben hiernach.<\/p><h4>1.\u00a0\u00a0 \u00a0Personenbezogene Daten<\/h4><p>Darunter sind Informationen zu verstehen, mit deren Hilfe eine Person bestimmbar ist. Dazu geh\u00f6ren Angaben wie der Name, die E-Mail-Adresse und die Telefonnummer. Erfasst werden aber auch technische Daten, die einer Person zugeordnet werden k\u00f6nnen.<\/p><h4>2.\u00a0\u00a0 \u00a0Datenschutz<\/h4><p>Die ConCable AG behandelt Ihre personenbezogenen Daten vertraulich unter Einhaltung der schweizerischen und internationalen Datenschutzbestimmungen, insbesondere der DSGVO &#8211; davon insbesondere Art. 6 &#8211; sowie dieser Datenschutzerkl\u00e4rung.<\/p><h4>3.\u00a0\u00a0 \u00a0Nutzung dieser Webseite<\/h4><p>Die Nutzung dieser Webseite ist grunds\u00e4tzlich ohne Angabe von personenbezogenen Daten m\u00f6glich. Die Erhebung personenbezogener Daten auf dieser Webseite erfolgt grunds\u00e4tzlich nur nach Einwilligung des Nutzers, es sei denn, sie w\u00e4re gesetzlich gestattet oder das Einholen einer Einwilligung ist aus tats\u00e4chlichen Gr\u00fcnden nicht m\u00f6glich.<br \/><br \/>Sobald die Daten f\u00fcr das Erreichen des Zwecks Ihrer Erhebung nicht mehr notwendig sind, werden sie gel\u00f6scht.<\/p><h4>4.\u00a0\u00a0 \u00a0Weitergabe an Dritte<\/h4><p>Die Weitergabe der personenbezogenen Daten an Dritte erfolgt einzig im Rahmen dieser Datenschutzerkl\u00e4rung.<\/p><h4>5.\u00a0\u00a0 \u00a0Sicherheitsl\u00fccken im Internet<\/h4><p>Die ConCable AG weist ausdr\u00fccklich darauf hin, dass ein l\u00fcckenloser Schutz personenbezogener Daten im Internet aufgrund von Sicherheitsl\u00fccken nicht m\u00f6glich ist.<\/p><h4>6.\u00a0\u00a0 \u00a0Cookies<\/h4><p>Diese Webseite verwendet Cookies. Cookies erm\u00f6glichen die Analyse der Benutzung unserer Webseite durch Sie. Die Verwendung von Cookies erm\u00f6glicht es uns, die Webseite nutzerfreundlicher, effektiver und sicherer zu machen sowie Ihren Browser beim n\u00e4chsten Gebrauch wiederzuerkennen. Die meisten davon werden am Ende Ihres Besuchs dieser Webseite automatisch gel\u00f6scht. Andere bleiben auf Ihrem Endger\u00e4t gespeichert. Sie k\u00f6nnen von Ihnen manuell oder automatisch gel\u00f6scht werden. Sie k\u00f6nnen an Ihrem Endger\u00e4t Einstellungen betreffend Cookies vornehmen. Sie haben damit die volle Kontrolle \u00fcber die Verwendung von Cookies. Sollten Sie Cookies deaktivieren, kann die Funktionalit\u00e4t dieser Webseite eingeschr\u00e4nkt sein.<\/p><h4>7.\u00a0\u00a0 \u00a0Hosting Provider &amp; Server-LogFiles<\/h4><p>Der Provider der Webseite erhebt und speichert automatisch Informationen in sogenannten Server-LogFiles, die Ihr Browser automatisch an uns \u00fcbermittelt. Dies sind insbesondere: IP-Adresse, Name der abgerufenen Webseite bzw. Datei, \u00fcbertragene Datenmenge, Meldung \u00fcber den erfolgreichen Abruf, Browsertyp und Browserversion, verwendetes Betriebssystem von Ihnen, Referrer URL (die zuvor besuchte Seite), Hostname des zugreifenden Rechners, Datum und Uhrzeit der Serveranfrage, verwendetes Endger\u00e4t von Ihnen inklusive MAC-Adresse. Diese Daten werden nicht mit anderen personenbezogenen Daten, die Sie aktiv im Rahmen der Webseite angeben, zusammengef\u00fchrt.<\/p><p>Diese Daten sowie alle weiteren Daten unserer Webseite werden bei unserem Hosting-Provider, der Cloudrexx AG, Burgstrasse 20, CH-3600 Thun, gespeichert und unterstehen deren Datenschutzerkl\u00e4rung (<a href=\"https:\/\/www.cloudrexx.com\/de\/Rechtliches\/Datenschutzerklaerung\" target=\"_blank\" rel=\"noopener\">https:\/\/www.cloudrexx.com\/de\/Rechtliches\/Datenschutzerklaerung<\/a>). Sie k\u00f6nnen nicht direkt bestimmten Personen zugeordnet werden. Eine Zusammenf\u00fchrung dieser Daten mit anderen Datenquellen wird nicht vorgenommen. Die ConCable AG beh\u00e4lt sich vor, diese Daten beim Vorliegen konkreter Anhaltspunkte f\u00fcr eine rechtswidrige Nutzung zu pr\u00fcfen.<\/p><h4>8.\u00a0\u00a0 \u00a0SSL-Verschl\u00fcsselung<\/h4><p>Die SSL-Verschl\u00fcsselung bewirkt, dass die von Ihnen an uns vermittelten Daten von Dritten nicht mitgelesen werden k\u00f6nnen. Ausdr\u00fccklich vorbehalten werden die erw\u00e4hnten Sicherheitsl\u00fccken im Internet. Unsere Webseite nutzt eine SSL-Verschl\u00fcsselung. Dies ist anhand der Adresszeile des Browsers, welche von \u00abhttp:\/\/\u00bb auf \u00abhttps:\/\/\u00bb wechselt und an dem Schloss-Symbol in Ihrer Browserzeile erkennbar.<\/p><h4>9.\u00a0\u00a0 \u00a0Newsletter<\/h4><p>Wir bieten auf unserer Webseite einen kostenfreien Newsletter an. Damit Sie diesen beziehen k\u00f6nnen, ben\u00f6tigen wir von Ihnen kumulativ:<\/p><ul><li>eine E-Mail-Adresse;<\/li><li>weitere Informationen, die Sie als Inhaber der angegebenen E-Mail-Adresse ausweisen;<\/li><li>Ihr Einverst\u00e4ndnis in den Empfang des Newsletters.<\/li><\/ul><p>Diese Daten werden bei uns gespeichert. Wir verwenden sie ausschliesslich f\u00fcr den Versand der angeforderten Informationen. Wir sind bestrebt, Ihnen ein nutzerfreundliches und sicheres Newsletter-System anzubieten.<\/p><p>Der Anmeldeprozess erfolgt im Double-Opt-In-Verfahren. Nach erfolgter Anmeldung m\u00fcssen Sie diese noch best\u00e4tigen. Hierf\u00fcr erhalten Sie eine entsprechende E-Mail. Diese Best\u00e4tigung ist notwendig, damit sich niemand mit fremden E-Mail-Adressen anmelden kann. Die Anmeldungen zum Newsletter werden protokolliert, um den Anmeldeprozess entsprechend den rechtlichen Anforderungen nachweisen zu k\u00f6nnen. Hierzu geh\u00f6rt sowohl die Speicherung des Anmelde- und des Best\u00e4tigungszeitpunkts als auch der IP-Adresse.<\/p><p>Der Versand unseres Newsletters und die Speicherung dieser Daten erfolgt \u00fcber unseren Hosting-Provider, Cloudrexx AG, Burgstrasse 20, CH-3600 Thun, gespeichert und untersteht deren Datenschutzerkl\u00e4rung (<a href=\"https:\/\/www.cloudrexx.com\/de\/Rechtliches\/Datenschutzerklaerung\" target=\"_blank\" rel=\"noopener\">https:\/\/www.cloudrexx.com\/de\/Rechtliches\/Datenschutzerklaerung<\/a>). Die Cloudrexx AG, verwendet diese Informationen zum Versand und zur Auswertung der Newsletters in unserem Auftrag. Die gespeicherten Daten werden von der Cloudrexx AG weder zur direkten Kontaktierung der betroffenen Person verwendet noch an Dritte weitergegeben.<\/p><p><br \/><strong>K\u00fcndigung und Widerruf<\/strong><br \/>Sie haben sowohl bez\u00fcglich der erteilten Einwilligung zum Empfang unseres Newsletters, zur Speicherung der Daten, der E-Mail-Adresse sowie deren Nutzung zum Versand des Newsletters ein jederzeitiges K\u00fcndigungs- und Widerrufsrecht, welches Sie beispielsweise \u00fcber den Link \u00abAustragen\u00bb im Newsletter geltend machen k\u00f6nnen. Der geltend gemachte Widerruf bewirkt auch den Widerruf Ihrer Einwilligung in den Versand via der Cloudrexx AG und deren statistischen Analysen.<\/p><h4>10.\u00a0\u00a0 \u00a0Einbindung von Diensten Dritter<\/h4><p>Die Verarbeitung Ihrer IP-Adresse durch Dritte richtet sich nach den jeweiligen Datenschutzbestimmungen des betreffenden Dritten.<br \/><br \/><strong>Social Plugins<\/strong><br \/>Unsere Internetseite verwendet Zusatzprogramme (Social Plugins). Sie sind anhand des jeweiligen Logos erkennbar. Soweit diese in unsere Webseite eingebunden sind, erweitern sie deren Funktionsumfang. Der jeweilige Zweck und Umfang der Datenerhebung kann der Datenschutzregelung des jeweiligen Anbieters entnommen werden. Es handelt sich in der Regel um folgende Zusatzprogramme:<\/p><ul><li>Facebook Inc., Headquarter, 1 Hacker Way in Menlo Park, CA 94025, USA. Datenschutz:\u00a0<a href=\"https:\/\/www.facebook.com\/policy\" target=\"_blank\" rel=\"noopener\">https:\/\/www.facebook.com\/policy<\/a><\/li><li>Instagram, LLC 1601 Willow Road, Menlo Park, CA 94025, USA. Datenschutz:\u00a0<a href=\"https:\/\/help.instagram.com\/155833707900388\" target=\"_blank\" rel=\"noopener\">https:\/\/help.instagram.com\/155833707900388<\/a><\/li><li>LinkedIn Corp., Headquarter, 2029 Stierlin Ct. Ste. 200 Mountain View, CA 94043, USA. Datenschutz:\u00a0<a href=\"https:\/\/www.linkedin.com\/legal\/privacy-policy\" target=\"_blank\" rel=\"noopener\">https:\/\/www.linkedin.com\/legal\/privacy-policy<\/a><\/li><\/ul><p>Unsere Webseite enth\u00e4lt keine aktivierten Plugins. M\u00f6chten Sie das Plugin nutzen, muss es durch einen entsprechenden Klick darauf aktiviert werden.<\/p><h4>11.\u00a0\u00a0 \u00a0Google Dienste<\/h4><p><strong>11.1\u00a0\u00a0 \u00a0Google Analytics<\/strong><br \/>Diese Website nutzt Google Analytics (Webanalysedienst von Google Inc.). Dieser Analysedienst setzt mehrere Cookies ein. Die dadurch gewonnen Informationen \u00fcber ihre Benutzung der Webseite von ConCable AG werden grunds\u00e4tzlich an einen Server von Google in den USA \u00fcbertragen und dort gespeichert.<br \/><br \/><strong>Anbieter<\/strong><br \/>Google Inc., 1600 Amphitheatre Parkway Mountain View, CA 94043, USA.<br \/>Google Analytics verwendet Cookies (zum Begriff: Vgl. Ziff. 6 hiervor).<br \/><br \/><strong>IP-Anonymisierung<\/strong><br \/>Durch die IP-Anonymisierung, welche wir aktiviert haben, wird Ihre IP-Adresse von Google in s\u00e4mtlichen Vertragsstaaten des Abkommens \u00fcber den europ\u00e4ischen Wirtschaftsraum, u.a. in der EU, vor der \u00dcbermittlung an die Server von Google in den USA gek\u00fcrzt. In Ausnahmef\u00e4llen erfolgt die K\u00fcrzung der IP-Adresse durch Google erst nach \u00dcbermittlung an die Server von Google. Die IP-Adressen werden von Google nicht mit anderen Daten von Google zusammengef\u00fchrt. Google nutzt Ihre IP-Adresse in unserem Auftrag f\u00fcr:<\/p><ul><li>Die Auswertung der Nutzung unserer Webseite durch Sie;<\/li><li>Um Reports \u00fcber die Webseitenaktivit\u00e4ten f\u00fcr uns zu erstellen;<\/li><li>Das Erbringen weiterer Dienstleistungen gegen\u00fcber dem Webseitenbetreiber bez\u00fcglich der Webseitennutzung und Internetnutzung.<\/li><\/ul><p><strong>Browser Plugin<\/strong><br \/>Wie bereits unter Ziff. 6 hiervor beschrieben, besteht die M\u00f6glichkeit, die Speicherung der Cookies zu verhindern. Zus\u00e4tzlich k\u00f6nnen Sie die Datenerfassung der durch die Cookies gesammelten Daten durch Google sowie deren Verarbeitung durch Google verhindern. Hierf\u00fcr ben\u00f6tigen Sie ein Browser Plugin, welches unter folgendem Link heruntergeladen werden kann:\u00a0<a href=\"https:\/\/tools.google.com\/dlpage\/gaoptout?hl=de\" target=\"_blank\" rel=\"noopener\">https:\/\/tools.google.com\/dlpage\/gaoptout?hl=de<\/a><br \/><br \/><strong>Datenschutz und Umgang mit den Nutzerdaten durch Google<\/strong><br \/>Weitere Informationen zum Umgang mit Nutzerdaten durch Google betreffend Google Analytics finden Sie unter dem Link:\u00a0<a href=\"https:\/\/support.google.com\/analytics\/answer\/6004245?hl=de\" target=\"_blank\" rel=\"noopener\">https:\/\/support.google.com\/analytics\/answer\/6004245?hl=de<\/a>. Die Datenschutzerkl\u00e4rung von Google finden Sie unter:\u00a0<a href=\"https:\/\/policies.google.com\/privacy?hl=de\" target=\"_blank\" rel=\"noopener\">https:\/\/policies.google.com\/privacy?hl=de<\/a>.<\/p><p><strong>11.2\u00a0\u00a0 \u00a0Google Fonts<\/strong><br \/>Um Google Fonts nutzen zu k\u00f6nnen, wird aus technischen Gr\u00fcnden Ihre IP-Adresse an Google \u00fcbermittelt, damit die Schriftarten an Ihren Browser weitergeleitet werden k\u00f6nnen. Dabei speichert Google, soweit uns bekannt, keine pers\u00f6nlichen Daten. Weitere Ausf\u00fchrungen zur Google Fonts finden Sie unter:\u00a0<a href=\"https:\/\/fonts.google.com\/about\" target=\"_blank\" rel=\"noopener\">https:\/\/fonts.google.com\/about<\/a>.<br \/>F\u00fcr die Datenschutzerkl\u00e4rung von Google wird auf Ziff. 11.1 hiervor verwiesen.<\/p><h4>12.\u00a0 \u00a0 Recht auf Auskunft, Berichtigung, L\u00f6schung, Sperrung, Einschr\u00e4nkung, Widerspruch<\/h4><p>Sie k\u00f6nnen von uns grunds\u00e4tzlich jederzeit unentgeltlich Auskunft \u00fcber Ihre von uns gespeicherten personenbezogenen Daten verlangen und diese bei Unvollst\u00e4ndigkeit oder mangelhaften Angaben von uns vervollst\u00e4ndigen und berichtigen lassen. Zudem haben Sie das Recht, Informationen \u00fcber die Herkunft, den Zweck der Datenverarbeitung, die Dauer der Speicherung und den allf\u00e4lligen Empf\u00e4nger dieser Daten zu erhalten. Sie k\u00f6nnen die Verarbeitung Ihrer personenbezogenen Daten einschr\u00e4nken oder dieser widersprechen, diese Daten berichtigen, sperren oder l\u00f6schen lassen. Ausdr\u00fccklich vorbehalten bleiben gesetzliche Aufbewahrungspflichten sowie weitere gesetzliche Pflichten, die es zu erf\u00fcllen gilt und die Geltendmachung, Aus\u00fcbung oder Verteidigung von Rechtsanspr\u00fcchen. Sie haben zudem das Recht, die von Ihnen an uns \u00fcbergebenen Daten in einem g\u00e4ngigen Format \u00fcbertragen zu halten, sofern sie uns diese Daten im Rahmen einer Einwilligungserkl\u00e4rung oder zur Erf\u00fcllung eines Vertrages \u00fcberlassen haben.<\/p><h4>13.\u00a0 \u00a0 Recht auf Unterrichtung<\/h4><p>Haben Sie das Recht auf Berichtigung, L\u00f6schung oder Einschr\u00e4nkung der Verarbeitung gegen\u00fcber dem Verantwortlichen geltend gemacht, ist dieser verpflichtet, allen Empf\u00e4ngern, denen die Sie betreffenden personenbezogenen Daten offengelegt wurden, Mitteilung zu erstatten, es sei denn, dies erweist sich als unm\u00f6glich oder ist mit einem unverh\u00e4ltnism\u00e4ssigen Aufwand verbunden. Sie haben das Recht, vom Verantwortlichen \u00fcber diese Empf\u00e4nger unterrichtet zu werden.<\/p><h4>14.\u00a0 \u00a0 Recht auf Widerruf der datenschutzrechtlichen Einwilligungserkl\u00e4rung<\/h4><p>Sie k\u00f6nnen Ihre Einwilligung in die Datenschutzerkl\u00e4rung der ConCable AG jederzeit widerrufen. Durch diesen Widerruf wird die Rechtsm\u00e4ssigkeit der Datenverarbeitung bis zu diesem Zeitpunkt nicht ber\u00fchrt.<\/p><h4>15.\u00a0 \u00a0 Weitere Rechte<\/h4><p>Ihnen stehen zus\u00e4tzlich die Rechte gem\u00e4ss der im Einzelfall anwendbaren Rechtsordnung zu.<\/p><h4>16.\u00a0 \u00a0 Aus\u00fcbung Ihrer Rechte nach dieser Datenschutzerkl\u00e4rung<\/h4><p>Werden eines oder mehrere dieser Rechte durch Sie ausge\u00fcbt besteht die M\u00f6glichkeit, dass deshalb vertragliche oder anderweitige Vereinbarungen zwischen der ConCable AG und Ihnen teilweise oder vollst\u00e4ndig durch die ConCable AG nicht eingehalten werden k\u00f6nnen. Diesfalls wird die ConCable AG vom Einhalten der Vereinbarung oder dem Erbringen der vertraglichen Leistung Ihnen gegen\u00fcber in entsprechendem Umfang entbunden.<\/p><p>Datenschutzverantwortliche: ConCable AG<\/p>\t\t\t\t\t\t\t\t<\/div>\n\t\t\t\t<\/div>\n\t\t<div class=\"elementor-element elementor-element-b4bd6a4 e-con-full e-flex e-con e-child\" data-id=\"b4bd6a4\" data-element_type=\"container\">\n\t\t<a class=\"elementor-element elementor-element-c9dd618 e-con-full e-flex e-con e-child\" data-id=\"c9dd618\" data-element_type=\"container\" data-settings=\"{&quot;background_background&quot;:&quot;classic&quot;}\" href=\"https:\/\/zealous-poincare.198-71-63-164.plesk.page\/fr\/kontakt\/\">\n\t\t\t\t<div class=\"elementor-element elementor-element-f974ed0 elementor-view-default elementor-widget elementor-widget-icon\" data-id=\"f974ed0\" data-element_type=\"widget\" data-widget_type=\"icon.default\">\n\t\t\t\t\t\t\t<div class=\"elementor-icon-wrapper\">\n\t\t\t<div class=\"elementor-icon\">\n\t\t\t<svg aria-hidden=\"true\" class=\"e-font-icon-svg e-fas-laptop\" viewbox=\"0 0 640 512\" xmlns=\"http:\/\/www.w3.org\/2000\/svg\"><path d=\"M624 416H381.54c-.74 19.81-14.71 32-32.74 32H288c-18.69 0-33.02-17.47-32.77-32H16c-8.8 0-16 7.2-16 16v16c0 35.2 28.8 64 64 64h512c35.2 0 64-28.8 64-64v-16c0-8.8-7.2-16-16-16zM576 48c0-26.4-21.6-48-48-48H112C85.6 0 64 21.6 64 48v336h512V48zm-64 272H128V64h384v256z\"><\/path><\/svg>\t\t\t<\/div>\n\t\t<\/div>\n\t\t\t\t\t\t<\/div>\n\t\t\t\t<div class=\"elementor-element elementor-element-f486c58 elementor-widget elementor-widget-heading\" data-id=\"f486c58\" data-element_type=\"widget\" data-widget_type=\"heading.default\">\n\t\t\t\t\t<h2 class=\"elementor-heading-title elementor-size-default\">Kontakt<\/h2>\t\t\t\t<\/div>\n\t\t\t\t<div class=\"elementor-element elementor-element-6b1e2ec elementor-widget elementor-widget-text-editor\" data-id=\"6b1e2ec\" data-element_type=\"widget\" data-widget_type=\"text-editor.default\">\n\t\t\t\t\t\t\t\t\t<p>M\u00f6chten Sie eine konkrete L\u00f6sung f\u00fcr Ihr Anliegen? Gerne diskutieren wir zusammen die M\u00f6glichkeiten und machen Ihnen ein individuelles Angebot.<\/p>\t\t\t\t\t\t\t\t<\/div>\n\t\t\t\t<div class=\"elementor-element elementor-element-a82c946 elementor-align-center elementor-widget elementor-widget-button\" data-id=\"a82c946\" data-element_type=\"widget\" data-widget_type=\"button.default\">\n\t\t\t\t\t\t\t\t\t\t<a class=\"elementor-button elementor-button-link elementor-size-sm\" href=\"https:\/\/zealous-poincare.198-71-63-164.plesk.page\/fr\/kontakt\/\">\n\t\t\t\t\t\t<span class=\"elementor-button-content-wrapper\">\n\t\t\t\t\t\t<span class=\"elementor-button-icon\">\n\t\t\t\t<svg aria-hidden=\"true\" class=\"e-font-icon-svg e-fas-chevron-right\" viewbox=\"0 0 320 512\" xmlns=\"http:\/\/www.w3.org\/2000\/svg\"><path d=\"M285.476 272.971L91.132 467.314c-9.373 9.373-24.569 9.373-33.941 0l-22.667-22.667c-9.357-9.357-9.375-24.522-.04-33.901L188.505 256 34.484 101.255c-9.335-9.379-9.317-24.544.04-33.901l22.667-22.667c9.373-9.373 24.569-9.373 33.941 0L285.475 239.03c9.373 9.372 9.373 24.568.001 33.941z\"><\/path><\/svg>\t\t\t<\/span>\n\t\t\t\t\t\t\t\t\t<span class=\"elementor-button-text\">Kontakt aufnehmen<\/span>\n\t\t\t\t\t<\/span>\n\t\t\t\t\t<\/a>\n\t\t\t\t\t\t\t\t<\/div>\n\t\t\t\t<\/a>\n\t\t\t\t<\/div>\n\t\t\t\t\t<\/div>\n\t\t\t\t<\/div>\n\t\t\t\t<\/div>","protected":false},"excerpt":{"rendered":"<p>Datenschutzerkl\u00e4rung ConCable AG Vorliegende Datenschutzerkl\u00e4rung gibt Auskunft \u00fcber die Erhebung und Verwendung personenbezogener Daten auf der Webseite der ConCable AG\u00a0\u00ab\u00bb (nachfolgend \u00abWebseite\u00bb). Die ConCable AG ist verantwortlich f\u00fcr s\u00e4mtliche personenbezogenen Daten, die auf der Webseite erhoben werden. Vorbehalten bleiben abweichende Angaben hiernach. 1.\u00a0\u00a0 \u00a0Personenbezogene Daten Darunter sind Informationen zu verstehen, mit deren Hilfe eine Person [&hellip;]<\/p>","protected":false},"author":1,"featured_media":0,"parent":0,"menu_order":0,"comment_status":"closed","ping_status":"closed","template":"elementor_header_footer","meta":{"footnotes":""},"class_list":["post-224","page","type-page","status-publish","hentry"],"_links":{"self":[{"href":"https:\/\/zealous-poincare.198-71-63-164.plesk.page\/fr\/wp-json\/wp\/v2\/pages\/224","targetHints":{"allow":["GET"]}}],"collection":[{"href":"https:\/\/zealous-poincare.198-71-63-164.plesk.page\/fr\/wp-json\/wp\/v2\/pages"}],"about":[{"href":"https:\/\/zealous-poincare.198-71-63-164.plesk.page\/fr\/wp-json\/wp\/v2\/types\/page"}],"author":[{"embeddable":true,"href":"https:\/\/zealous-poincare.198-71-63-164.plesk.page\/fr\/wp-json\/wp\/v2\/users\/1"}],"replies":[{"embeddable":true,"href":"https:\/\/zealous-poincare.198-71-63-164.plesk.page\/fr\/wp-json\/wp\/v2\/comments?post=224"}],"version-history":[{"count":7,"href":"https:\/\/zealous-poincare.198-71-63-164.plesk.page\/fr\/wp-json\/wp\/v2\/pages\/224\/revisions"}],"predecessor-version":[{"id":231,"href":"https:\/\/zealous-poincare.198-71-63-164.plesk.page\/fr\/wp-json\/wp\/v2\/pages\/224\/revisions\/231"}],"wp:attachment":[{"href":"https:\/\/zealous-poincare.198-71-63-164.plesk.page\/fr\/wp-json\/wp\/v2\/media?parent=224"}],"curies":[{"name":"wp","href":"https:\/\/api.w.org\/{rel}","templated":true}]}}